{"id":160,"date":"2021-10-19T17:03:52","date_gmt":"2021-10-19T17:03:52","guid":{"rendered":"https:\/\/listinghive.hivepress.io\/?page_id=8"},"modified":"2026-01-30T14:52:43","modified_gmt":"2026-01-30T14:52:43","slug":"inicio","status":"publish","type":"page","link":"https:\/\/firmacalamuchita.com\/es\/","title":{"rendered":"Inicio"},"content":{"rendered":"<h1 class=\"wp-block-heading has-text-align-center has-x-large-font-size\"><strong>Transformamos desaf\u00edos en oportunidades<\/strong><\/h1>\n\n\n\n<p class=\"has-text-align-center has-medium-font-size\"><strong>Somos una empresa joven con visi\u00f3n de futuro, integrada por profesionales que combinan talento, actualizaci\u00f3n constante e innovaci\u00f3n.<\/strong><\/p>\n\n\n\n<!--more-->\n<!--noteaser-->\n\n\n\n<hr class=\"wp-block-separator has-alpha-channel-opacity is-style-wide\"\/>\n\n\n\n<div class=\"wp-block-columns is-layout-flex wp-container-core-columns-is-layout-9d6595d7 wp-block-columns-is-layout-flex\">\n<div class=\"wp-block-column is-layout-flow wp-block-column-is-layout-flow\" style=\"flex-basis:100%\">\n<div class=\"wp-block-buttons is-content-justification-center is-layout-flex wp-container-core-buttons-is-layout-16018d1d wp-block-buttons-is-layout-flex\">\n<div class=\"wp-block-button\"><a class=\"wp-block-button__link has-white-color has-text-color has-background has-link-color has-small-font-size has-custom-font-size wp-element-button\" href=\"https:\/\/firmacalamuchita.com\/es\/vender-mi-propiedad\/\" style=\"background:linear-gradient(70deg,rgb(2,3,129) 0%,rgb(40,116,252) 31%)\">QUIERO VENDER MI PROPIEDAD<\/a><\/div>\n\n\n\n<div class=\"wp-block-button\"><a class=\"wp-block-button__link has-white-color has-text-color has-background has-link-color has-small-font-size has-custom-font-size wp-element-button\" href=\"https:\/\/firmacalamuchita.com\/es\/propiedades-tokk\/\" style=\"background:linear-gradient(70deg,rgb(2,3,129) 0%,rgb(40,116,252) 28%)\">QUIERO COMPRAR UNA PROPIEDAD<\/a><\/div>\n\n\n\n<div class=\"wp-block-button\"><a class=\"wp-block-button__link has-white-color has-text-color has-background has-link-color has-small-font-size has-custom-font-size wp-element-button\" href=\"https:\/\/firmacalamuchita.com\/es\/asesores-inmobiliarios\/\" style=\"background:linear-gradient(70deg,rgb(2,3,129) 0%,rgb(40,116,252) 35%)\">CONTACTARME CON UN ASESOR<\/a><\/div>\n<\/div>\n<\/div>\n<\/div>\n\n\n\n<div class=\"wp-block-columns is-layout-flex wp-container-core-columns-is-layout-9d6595d7 wp-block-columns-is-layout-flex\"><\/div>\n\n\n\n<div style=\"height:1px\" aria-hidden=\"true\" class=\"wp-block-spacer\"><\/div>\n\n\n\n<h2 class=\"wp-block-heading has-text-align-center content-title\">Eleg\u00ed con confianza. Invert\u00ed con visi\u00f3n!<\/h2>\n\n\n\r\n<div class=\"tokko-list tokko-categories\">\r\n\r\n<div class=\"tokko-item tokko-category-item\">\r\n            <img decoding=\"async\" src=\"https:\/\/firmacalamuchita.com\/wp-content\/uploads\/2026\/01\/Casa-de-lujo.png\" alt=\"Casas\">\r\n    \r\n    <div class=\"tokko-content\">\r\n        <h3>Casas<\/h3>\r\n        <p>27 propiedades<\/p>\r\n        <a class=\"button tokko-button\" href=\"https:\/\/firmacalamuchita.com\/es\/categoria-propiedades\/?cat=Casas\">Ver categor\u00eda<\/a>\r\n    <\/div>\r\n<\/div><div class=\"tokko-item tokko-category-item\">\r\n            <img decoding=\"async\" src=\"https:\/\/firmacalamuchita.com\/wp-content\/uploads\/2025\/11\/Terrazas-9-copia.png\" alt=\"Departamentos\">\r\n    \r\n    <div class=\"tokko-content\">\r\n        <h3>Departamentos<\/h3>\r\n        <p>2 propiedades<\/p>\r\n        <a class=\"button tokko-button\" href=\"https:\/\/firmacalamuchita.com\/es\/categoria-propiedades\/?cat=Departamentos\">Ver categor\u00eda<\/a>\r\n    <\/div>\r\n<\/div><div class=\"tokko-item tokko-category-item\">\r\n            <img decoding=\"async\" src=\"https:\/\/firmacalamuchita.com\/wp-content\/uploads\/2021\/11\/Campo1.png\" alt=\"Terrenos\">\r\n    \r\n    <div class=\"tokko-content\">\r\n        <h3>Terrenos<\/h3>\r\n        <p>5 propiedades<\/p>\r\n        <a class=\"button tokko-button\" href=\"https:\/\/firmacalamuchita.com\/es\/categoria-propiedades\/?cat=Terrenos\">Ver categor\u00eda<\/a>\r\n    <\/div>\r\n<\/div><div class=\"tokko-item tokko-category-item\">\r\n            <img decoding=\"async\" src=\"https:\/\/firmacalamuchita.com\/wp-content\/uploads\/2025\/12\/6871387_85535253228458524903795606756755095649708446730420520307733021830702547327918-1.jpg\" alt=\"Complejos\">\r\n    \r\n    <div class=\"tokko-content\">\r\n        <h3>Complejos<\/h3>\r\n        <p>1 propiedades<\/p>\r\n        <a class=\"button tokko-button\" href=\"https:\/\/firmacalamuchita.com\/es\/categoria-propiedades\/?cat=Complejos\">Ver categor\u00eda<\/a>\r\n    <\/div>\r\n<\/div><div class=\"tokko-item tokko-category-item\">\r\n            <img decoding=\"async\" src=\"https:\/\/firmacalamuchita.com\/wp-content\/uploads\/2021\/11\/Campo11.png\" alt=\"Campos\">\r\n    \r\n    <div class=\"tokko-content\">\r\n        <h3>Campos<\/h3>\r\n        <p>1 propiedades<\/p>\r\n        <a class=\"button tokko-button\" href=\"https:\/\/firmacalamuchita.com\/es\/categoria-propiedades\/?cat=Campos\">Ver categor\u00eda<\/a>\r\n    <\/div>\r\n<\/div>\r\n<\/div>\r\n\r\n\n\n\n\n<h2 class=\"wp-block-heading has-text-align-center content-title\"><strong>Seleccionadas para vos, pensadas para el ma\u00f1ana<\/strong><\/h2>\n\n\n\n<h2 class=\"wp-block-heading has-text-align-center content-title\"><\/h2>\n\n\n\r\n<div class=\"tokko-manager-wrapper\">\r\n\r\n    <div class=\"tokko-list\">\r\n                    \r\n<div class=\"tokko-item\">\r\n\r\n            <a href=\"https:\/\/ficha.info\/p\/8a79d168c0094ac6ac2483c28fa80f62?v=1777474184589\" target=\"_blank\">\r\n            <img decoding=\"async\" src=\"https:\/\/static.tokkobroker.com\/pictures\/7910296_82573219706312300515005074023546148862509539119345868666820336073658514501243.jpg\" alt=\"LOFT | 2 AMBIENTES | VISTA A SIERRAS | A ESTRENAR | EL DURAZNO\">\r\n        <\/a>\r\n    \r\n    <div class=\"tokko-content\">\r\n        \r\n        <h3 style=\"margin: 0 0 10px 0;\">\r\n            <a href=\"https:\/\/ficha.info\/p\/8a79d168c0094ac6ac2483c28fa80f62?v=1777474184589\" target=\"_blank\" \r\n               style=\"color: #002060 !important; font-size: 18px !important; font-family: Arial, sans-serif !important; font-weight: bold; text-decoration: none; line-height: 1.2;\">\r\n                LOFT | 2 AMBIENTES | VISTA A SIERRAS | A ESTRENAR | EL DURAZNO            <\/a>\r\n        <\/h3>\r\n\r\n                    <p class=\"tokko-address\">barrio el faro- el durazno- calamuchita<\/p>\r\n        \r\n                    <p class=\"tokko-price\" style=\"color: #b8860b !important; font-weight: 900; font-size: 22px; margin: 15px 0;\">\r\n                115.000 USD            <\/p>\r\n        \r\n        <a class=\"button tokko-button\" href=\"https:\/\/ficha.info\/p\/8a79d168c0094ac6ac2483c28fa80f62?v=1777474184589\" target=\"_blank\">Ver detalle<\/a>\r\n    <\/div>\r\n<\/div>                    \r\n<div class=\"tokko-item\">\r\n\r\n            <a href=\"https:\/\/ficha.info\/p\/affe095ff7c64f808f044088104ffb3e?v=1777041278338\" target=\"_blank\">\r\n            <img decoding=\"async\" src=\"https:\/\/static.tokkobroker.com\/pictures\/7971023_104813287931343410736570057481897272944305170067318806298969244369075986765633.jpg\" alt=\"DEPTO | 3 AMBIENTES | GALER\u00cdA CON ASADOR | LISTO PARA HABITAR | COCHERA | VILLA RUMIPAL\">\r\n        <\/a>\r\n    \r\n    <div class=\"tokko-content\">\r\n        \r\n        <h3 style=\"margin: 0 0 10px 0;\">\r\n            <a href=\"https:\/\/ficha.info\/p\/affe095ff7c64f808f044088104ffb3e?v=1777041278338\" target=\"_blank\" \r\n               style=\"color: #002060 !important; font-size: 18px !important; font-family: Arial, sans-serif !important; font-weight: bold; text-decoration: none; line-height: 1.2;\">\r\n                DEPTO | 3 AMBIENTES | GALER\u00cdA CON ASADOR | LISTO PARA HABITAR | COCHERA | VILLA RUMIPAL            <\/a>\r\n        <\/h3>\r\n\r\n                    <p class=\"tokko-address\">PRADO DEL LAGO- VILLA RUMIPAL<\/p>\r\n        \r\n                    <p class=\"tokko-price\" style=\"color: #b8860b !important; font-weight: 900; font-size: 22px; margin: 15px 0;\">\r\n                190.000 USD            <\/p>\r\n        \r\n        <a class=\"button tokko-button\" href=\"https:\/\/ficha.info\/p\/affe095ff7c64f808f044088104ffb3e?v=1777041278338\" target=\"_blank\">Ver detalle<\/a>\r\n    <\/div>\r\n<\/div>                    \r\n<div class=\"tokko-item\">\r\n\r\n            <a href=\"https:\/\/ficha.info\/p\/affe095ff7c64f808f044088104ffb3e?v=1777041278338\" target=\"_blank\">\r\n            <img decoding=\"async\" src=\"https:\/\/static.tokkobroker.com\/pictures\/7971023_104813287931343410736570057481897272944305170067318806298969244369075986765633.jpg\" alt=\"DEPTO | 3 AMBIENTES | GALER\u00cdA CON ASADOR | LISTO PARA HABITAR | COCHERA | VILLA RUMIPAL\">\r\n        <\/a>\r\n    \r\n    <div class=\"tokko-content\">\r\n        \r\n        <h3 style=\"margin: 0 0 10px 0;\">\r\n            <a href=\"https:\/\/ficha.info\/p\/affe095ff7c64f808f044088104ffb3e?v=1777041278338\" target=\"_blank\" \r\n               style=\"color: #002060 !important; font-size: 18px !important; font-family: Arial, sans-serif !important; font-weight: bold; text-decoration: none; line-height: 1.2;\">\r\n                DEPTO | 3 AMBIENTES | GALER\u00cdA CON ASADOR | LISTO PARA HABITAR | COCHERA | VILLA RUMIPAL            <\/a>\r\n        <\/h3>\r\n\r\n                    <p class=\"tokko-address\">PRADO DEL LAGO- VILLA RUMIPAL<\/p>\r\n        \r\n                    <p class=\"tokko-price\" style=\"color: #b8860b !important; font-weight: 900; font-size: 22px; margin: 15px 0;\">\r\n                190.000 USD            <\/p>\r\n        \r\n        <a class=\"button tokko-button\" href=\"https:\/\/ficha.info\/p\/affe095ff7c64f808f044088104ffb3e?v=1777041278338\" target=\"_blank\">Ver detalle<\/a>\r\n    <\/div>\r\n<\/div>                    \r\n<div class=\"tokko-item\">\r\n\r\n            <a href=\"https:\/\/ficha.info\/p\/2017dbfea39e4ab59914a5f8ea4b9e7c?v=1776348708839\" target=\"_blank\">\r\n            <img decoding=\"async\" src=\"https:\/\/static.tokkobroker.com\/pictures\/7900816_18222232505055985948444651189044807370207386159128239441437629122443661284021.jpg\" alt=\"LOTE | INDUSTRIAL | APTO PROYECTO | ESCRITURA | SERVICIOS | V. RUMIPAL\">\r\n        <\/a>\r\n    \r\n    <div class=\"tokko-content\">\r\n        \r\n        <h3 style=\"margin: 0 0 10px 0;\">\r\n            <a href=\"https:\/\/ficha.info\/p\/2017dbfea39e4ab59914a5f8ea4b9e7c?v=1776348708839\" target=\"_blank\" \r\n               style=\"color: #002060 !important; font-size: 18px !important; font-family: Arial, sans-serif !important; font-weight: bold; text-decoration: none; line-height: 1.2;\">\r\n                LOTE | INDUSTRIAL | APTO PROYECTO | ESCRITURA | SERVICIOS | V. RUMIPAL            <\/a>\r\n        <\/h3>\r\n\r\n                    <p class=\"tokko-address\">Carlos Gardel 50<\/p>\r\n        \r\n                    <p class=\"tokko-price\" style=\"color: #b8860b !important; font-weight: 900; font-size: 22px; margin: 15px 0;\">\r\n                16.000 USD            <\/p>\r\n        \r\n        <a class=\"button tokko-button\" href=\"https:\/\/ficha.info\/p\/2017dbfea39e4ab59914a5f8ea4b9e7c?v=1776348708839\" target=\"_blank\">Ver detalle<\/a>\r\n    <\/div>\r\n<\/div>                    \r\n<div class=\"tokko-item\">\r\n\r\n            <a href=\"https:\/\/ficha.info\/p\/107eaa2e012c4baca2f29d60de45b9a9?v=1776348673708\" target=\"_blank\">\r\n            <img decoding=\"async\" src=\"https:\/\/static.tokkobroker.com\/pictures\/7914013_8031206965405622971199478116386551278568730691003678275976226685447292929370.jpg\" alt=\"LOTE | 2 LOTES | DOBLE ACCESO | ESCRITURA | INVERSI\u00d3N | VILLA RUMIPAL\">\r\n        <\/a>\r\n    \r\n    <div class=\"tokko-content\">\r\n        \r\n        <h3 style=\"margin: 0 0 10px 0;\">\r\n            <a href=\"https:\/\/ficha.info\/p\/107eaa2e012c4baca2f29d60de45b9a9?v=1776348673708\" target=\"_blank\" \r\n               style=\"color: #002060 !important; font-size: 18px !important; font-family: Arial, sans-serif !important; font-weight: bold; text-decoration: none; line-height: 1.2;\">\r\n                LOTE | 2 LOTES | DOBLE ACCESO | ESCRITURA | INVERSI\u00d3N | VILLA RUMIPAL            <\/a>\r\n        <\/h3>\r\n\r\n                    <p class=\"tokko-address\">av. fuerza aerea- villa rumipal<\/p>\r\n        \r\n                    <p class=\"tokko-price\" style=\"color: #b8860b !important; font-weight: 900; font-size: 22px; margin: 15px 0;\">\r\n                23.000 USD            <\/p>\r\n        \r\n        <a class=\"button tokko-button\" href=\"https:\/\/ficha.info\/p\/107eaa2e012c4baca2f29d60de45b9a9?v=1776348673708\" target=\"_blank\">Ver detalle<\/a>\r\n    <\/div>\r\n<\/div>                    \r\n<div class=\"tokko-item\">\r\n\r\n            <a href=\"https:\/\/ficha.info\/p\/d95296cf2c664a4d84287012430965cd?v=1776348757712\" target=\"_blank\">\r\n            <img decoding=\"async\" src=\"https:\/\/static.tokkobroker.com\/pictures\/7880760_61238666981957423837661226374961018464421232240235208473650619408673601444465.jpg\" alt=\"Casa quinta en villa del parque\">\r\n        <\/a>\r\n    \r\n    <div class=\"tokko-content\">\r\n        \r\n        <h3 style=\"margin: 0 0 10px 0;\">\r\n            <a href=\"https:\/\/ficha.info\/p\/d95296cf2c664a4d84287012430965cd?v=1776348757712\" target=\"_blank\" \r\n               style=\"color: #002060 !important; font-size: 18px !important; font-family: Arial, sans-serif !important; font-weight: bold; text-decoration: none; line-height: 1.2;\">\r\n                Casa quinta en villa del parque            <\/a>\r\n        <\/h3>\r\n\r\n                    <p class=\"tokko-address\">Villa del Parque, villa rumipal<\/p>\r\n        \r\n                    <p class=\"tokko-price\" style=\"color: #b8860b !important; font-weight: 900; font-size: 22px; margin: 15px 0;\">\r\n                175.000 USD            <\/p>\r\n        \r\n        <a class=\"button tokko-button\" href=\"https:\/\/ficha.info\/p\/d95296cf2c664a4d84287012430965cd?v=1776348757712\" target=\"_blank\">Ver detalle<\/a>\r\n    <\/div>\r\n<\/div>            <\/div>\r\n\r\n<\/div>\r\n\r\n\n\n\n\n<p><\/p>","protected":false},"excerpt":{"rendered":"<p>Transformamos desaf\u00edos en oportunidades Somos una empresa joven con visi\u00f3n de futuro, integrada por profesionales que combinan talento, actualizaci\u00f3n constante e innovaci\u00f3n.<\/p>","protected":false},"author":2,"featured_media":429,"parent":0,"menu_order":0,"comment_status":"closed","ping_status":"closed","template":"elementor_header_footer","meta":{"footnotes":""},"class_list":["post-160","page","type-page","status-publish","has-post-thumbnail","hentry"],"_hostinger_reach_plugin_has_subscription_block":false,"_hostinger_reach_plugin_is_elementor":false,"_links":{"self":[{"href":"https:\/\/firmacalamuchita.com\/es\/wp-json\/wp\/v2\/pages\/160","targetHints":{"allow":["GET"]}}],"collection":[{"href":"https:\/\/firmacalamuchita.com\/es\/wp-json\/wp\/v2\/pages"}],"about":[{"href":"https:\/\/firmacalamuchita.com\/es\/wp-json\/wp\/v2\/types\/page"}],"author":[{"embeddable":true,"href":"https:\/\/firmacalamuchita.com\/es\/wp-json\/wp\/v2\/users\/2"}],"replies":[{"embeddable":true,"href":"https:\/\/firmacalamuchita.com\/es\/wp-json\/wp\/v2\/comments?post=160"}],"version-history":[{"count":61,"href":"https:\/\/firmacalamuchita.com\/es\/wp-json\/wp\/v2\/pages\/160\/revisions"}],"predecessor-version":[{"id":995,"href":"https:\/\/firmacalamuchita.com\/es\/wp-json\/wp\/v2\/pages\/160\/revisions\/995"}],"wp:featuredmedia":[{"embeddable":true,"href":"https:\/\/firmacalamuchita.com\/es\/wp-json\/wp\/v2\/media\/429"}],"wp:attachment":[{"href":"https:\/\/firmacalamuchita.com\/es\/wp-json\/wp\/v2\/media?parent=160"}],"curies":[{"name":"wp","href":"https:\/\/api.w.org\/{rel}","templated":true}]}}